{"id":570,"date":"2022-11-10T11:57:46","date_gmt":"2022-11-10T11:57:46","guid":{"rendered":"https:\/\/mrsbutler.live-website.com\/?page_id=570"},"modified":"2022-11-10T12:15:05","modified_gmt":"2022-11-10T12:15:05","slug":"cookies","status":"publish","type":"page","link":"http:\/\/mrsbutler.informedia.com.es\/es\/cookies","title":{"rendered":"Pol\u00edtica de cookies"},"content":{"rendered":"<h1 class=\"wp-block-heading\"><\/h1>\n\n\n\n<h2 class=\"wp-block-heading\"><strong>DEFINICI\u00d3N y funci\u00f3n gen\u00e9rica de las COOKIES<\/strong><\/h2>\n\n\n\n<p>Las cookies son identificadores que enviamos al disco duro de su ordenador a trav\u00e9s de su navegador Web con el fin de que nuestros sistemas puedan reconocer su navegador y ofrecerle ciertos servicios.<\/p>\n\n\n\n<p>En general, estas tecnolog\u00edas pueden servir para finalidades muy diferentes, por ejemplo, reconocerte como usuario, obtener informaci\u00f3n sobre tus h\u00e1bitos de navegaci\u00f3n, o personalizar la forma en que se muestra el contenido.<\/p>\n\n\n\n<p>Esta p\u00e1gina utiliza tipos diferentes de cookies. Algunas cookies son colocadas por servicios de terceros que aparecen en nuestras p\u00e1ginas. En algunos casos, al utilizar un motor de b\u00fasqueda Google, es posible que haya aceptado sus propias cookies. Estas cookies de Google son instaladas aun cuando usted no haya aceptado nuestras cookies propias y\/o de terceros.<\/p>\n\n\n\n<p>A continuaci\u00f3n, indicamos las cookies que utiliza la p\u00e1gina mrsbutler.es<\/p>\n\n\n\n<h2 class=\"wp-block-heading\"><strong>COOKIES UTILIZADAS&nbsp;<\/strong><\/h2>\n\n\n\n<h3 class=\"wp-block-heading\"><strong>Cookies necesarias<\/strong><\/h3>\n\n\n\n<p>Las cookies necesarias ayudan a hacer una p\u00e1gina web utilizable activando funciones b\u00e1sicas como la navegaci\u00f3n en la p\u00e1gina y el acceso a \u00e1reas seguras de la p\u00e1gina web. La p\u00e1gina web no puede funcionar adecuadamente sin estas cookies.<\/p>\n\n\n\n<figure class=\"wp-block-table\"><table><tbody><tr><td>Nombre<\/td><td>Proveedor<\/td><td>Prop\u00f3sito<\/td><td>Caducidad<\/td><\/tr><tr><td>cookie-agreed<\/td><td><\/td><td>Saber si por ejemplo el usuario ha aceptado la advertencia de las cookies.<\/td><td>3 meses<\/td><\/tr><tr><td>AWSALB<\/td><td>trustedsite.com<\/td><td>Optimizar la experiencia del visitante de la web<\/td><td>6 d\u00edas.<\/td><\/tr><tr><td>AWSALBCORS<\/td><td>trustedsite.com<\/td><td>Optimizar la experiencia del visitante de la web<\/td><td>6 d\u00edas.<\/td><\/tr><tr><td>trustedsite_visit<\/td><td><\/td><td>Cookie necesaria para garantizar el log in y para la detecci\u00f3n de spam<\/td><td>1 d\u00edas.<\/td><\/tr><tr><td>cookielawinfo-checkbox-non-necessary<\/td><td>Propia<\/td><td>Almacena si el usuario ha rechazado las cookies<\/td><td>1 a\u00f1o<\/td><\/tr><tr><td>cookielawinfo-checkbox-necessary<\/td><td>Propia<\/td><td>Almacena si el usuario ha aceptado las cookies<\/td><td>1 a\u00f1o<\/td><\/tr><tr><td>woocommerce_cart_hash<\/td><td>Propia<\/td><td>Revisa si hay cambios en el carrito de compra.<\/td><td>Sesi\u00f3n<\/td><\/tr><tr><td>woocommerce_items_in_cart<\/td><td>Propia<\/td><td>Revisa si hay cambios en el carrito de compra.<\/td><td>Sesi\u00f3n<\/td><\/tr><tr><td>wp_woocommerce_session_&nbsp;&nbsp;&nbsp;&nbsp;<\/td><td>Propia<\/td><td>Identificador del cliente<\/td><td>2 d\u00edas<\/td><\/tr><\/tbody><\/table><\/figure>\n\n\n\n<h3 class=\"wp-block-heading\"><strong>Cookies de preferencias<\/strong><\/h3>\n\n\n\n<p>Las cookies de preferencias permiten a la p\u00e1gina web recordar informaci\u00f3n que cambia la forma en que la p\u00e1gina se comporta o el aspecto que tiene, como su idioma preferido o la regi\u00f3n en la que usted se encuentra.<\/p>\n\n\n\n<figure class=\"wp-block-table\"><table><tbody><tr><td>Nombre<\/td><td>Proveedor<\/td><td>Prop\u00f3sito<\/td><td>Caducidad<\/td><\/tr><tr><td>SID, SAPISID, APISID<\/td><td>Google<\/td><td>Preferencias del usuario en la navegaci\u00f3n.<\/td><td>2 a\u00f1os<\/td><\/tr><tr><td><\/td><td><\/td><td><\/td><td><\/td><\/tr><\/tbody><\/table><\/figure>\n\n\n\n<h3 class=\"wp-block-heading\"><strong>Cookies de estad\u00edsticas<\/strong><\/h3>\n\n\n\n<p>Las cookies estad\u00edsticas ayudan a los propietarios de p\u00e1ginas web a comprender c\u00f3mo interact\u00faan los visitantes con las p\u00e1ginas web reuniendo y proporcionando informaci\u00f3n de forma an\u00f3nima.<\/p>\n\n\n\n<p>Para deshabilitar las cookies de Google Analytics, puede instalar el Complemento inhabilitaci\u00f3n para navegadores de Google Analytics que le permitir\u00e1 no mandar informaci\u00f3n estad\u00edstica. Lo tiene disponible en el siguiente enlace: <a href=\"https:\/\/tools.google.com\/dlpage\/gaoptout?hl=es\">https:\/\/tools.google.com\/dlpage\/gaoptout?hl=es<\/a>&nbsp;<\/p>\n\n\n\n<figure class=\"wp-block-table\"><table><tbody><tr><td>Nombre<\/td><td>Proveedor<\/td><td>Prop\u00f3sito<\/td><td>Caducidad<\/td><\/tr><tr><td>_ga<\/td><td>Google Analytics<\/td><td>Registra una identificaci\u00f3n \u00fanica que se utiliza para generar datos estad\u00edsticos acerca de c\u00f3mo utiliza el visitante el sitio web<\/td><td>2 a\u00f1os<\/td><\/tr><tr><td>_gid<\/td><td>Google Analytics<\/td><td>Registra una identificaci\u00f3n \u00fanica que se utiliza para generar datos estad\u00edsticos acerca de c\u00f3mo utiliza el visitante el sitio web.<\/td><td>1 d\u00eda<\/td><\/tr><tr><td>_gat<\/td><td>Google Analytics<\/td><td>Se usa para limitar el porcentaje de solicitudes<\/td><td>Cookie de sesi\u00f3n<\/td><\/tr><tr><td>_utm-gif<\/td><td>Google Analytics<\/td><td>Determina el tipo de dispositivo o programa de navegador que utiliza el visitante, permitiendo el formateo del sitio web en consonancia.<\/td><td>Sesi\u00f3n<\/td><\/tr><tr><td>_utma<\/td><td>Google Analytics<\/td><td>Recopila datos del n\u00famero de veces que el usuario se ha conectado a la p\u00e1gina web.<\/td><td>2 a\u00f1os<\/td><\/tr><tr><td>_utmb<\/td><td>Google Analytics<\/td><td>Registra el momento exacto que el visitante accede a la p\u00e1gina web.<\/td><td>1 d\u00eda<\/td><\/tr><tr><td>__utmc<\/td><td>Google Analytics<\/td><td>Registra el momento exacto que el visitante accede a la p\u00e1gina web.<\/td><td>Cookie de sesi\u00f3n<\/td><\/tr><tr><td>__utmt<\/td><td>Google Analytics<\/td><td>Valorar la velocidad de respuesta del servidor.<\/td><td>1 d\u00eda<\/td><\/tr><tr><td>__utmz<\/td><td>Google Analytics<\/td><td>Recopila la informaci\u00f3n de d\u00f3nde vienes, qu\u00e9 buscas, etc.<\/td><td>6 meses<\/td><\/tr><tr><td>yt-player-headers-readable<\/td><td>youtube.com<\/td><td>Determina la calidad \u00f3ptima del v\u00eddeo.<\/td><td>De sesi\u00f3n<\/td><\/tr><tr><td>SSID, HSID, NID<\/td><td>Google<\/td><td>Estad\u00edstica de usuarios que usan los mapas.<\/td><td>6 meses<\/td><\/tr><tr><td>SEARCH_SAMESITE<\/td><td>Google<\/td><td>Garantizar que las cookies no sean cruzadas con otros terceros sin consentimiento<\/td><td>6 meses<\/td><\/tr><\/tbody><\/table><\/figure>\n\n\n\n<h3 class=\"wp-block-heading\"><strong>Cookies de M\u00e1rketing<\/strong><\/h3>\n\n\n\n<p>Las cookies de marketing se utilizan para rastrear a los visitantes en las p\u00e1ginas web. La intenci\u00f3n es mostrar anuncios relevantes y atractivos para el usuario individual, y por lo tanto, m\u00e1s valiosos para los editores y terceros anunciantes.<\/p>\n\n\n\n<figure class=\"wp-block-table\"><table><tbody><tr><td><strong>Nombre<\/strong><\/td><td><strong>Proveedor<\/strong><\/td><td><strong>Prop\u00f3sito<\/strong><\/td><td><strong>Caducidad<\/strong><\/td><\/tr><tr><td>_fbp<\/td><td><\/td><td>Utilizada por Facebook para proporcionar una serie de productos publicitarios c\u00f3mo pujas a tiempo real de terceros anunciantes.<\/td><td>3 meses<\/td><\/tr><tr><td>ads\/ga-audiences<\/td><td>google.com<\/td><td>Utilizada por Google AdWords para reconectar con visitantes que tienen posibilidades de convertirse en clientes,<\/td><td>Sesi\u00f3n<\/td><\/tr><tr><td>fr<\/td><td>facebook.com<\/td><td>Utilizada por Facebook para proporcionar una serie de productos publicitarios c\u00f3mo pujas a tiempo real de terceros anunciantes.<\/td><td>3 meses<\/td><\/tr><tr><td>IDE<\/td><td>doubleclick.net<\/td><td>Utilizada por&nbsp; Google DoubleClick para registrar e informar sobre las acciones del usuario en el sitio web tras visualizar o hacer clic en uno de los anuncios del anunciante con el prop\u00f3sito de medir la eficacia&nbsp;<\/td><td>1 a\u00f1o<\/td><\/tr><tr><td>test_cookie<\/td><td>doubleclick.net<\/td><td>Utilizada para comprobar si el navegador del usuario admite cookies.<\/td><td>1 d\u00eda<\/td><\/tr><tr><td>tr<\/td><td>facebook.com<\/td><td>Utilizada por Facebook para proporcionar una serie de productos publicitarios c\u00f3mo pujas a tiempo real de terceros anunciantes.<\/td><td>Sesi\u00f3n<\/td><\/tr><tr><td>GPS<\/td><td>Youtube.com<\/td><td>Registra una identificaci\u00f3n \u00fanica en dispositivos m\u00f3viles para permitir el seguimiento seg\u00fan la ubicaci\u00f3n geogr\u00e1fica por GPS.<\/td><td>1 d\u00eda<\/td><\/tr><tr><td>VISITOR_INFO1_LIVE<\/td><td>Youtube.com<\/td><td>Intenta calcular el ancho de banda del usuario en p\u00e1ginas con v\u00eddeos de Youtube integrados.<\/td><td>179 d\u00edas<\/td><\/tr><tr><td>YSC<\/td><td>Youtube.com<\/td><td>Registra una identificaci\u00f3n \u00fanica para mantener estad\u00edsticas de qu\u00e9 v\u00eddeos de Youtube ha visto el usuario.<\/td><td>Sesi\u00f3n<\/td><\/tr><tr><td>Yt-remote-cast-installed<\/td><td>Youtube.com<\/td><td>Registra las preferencias del reproductor de v\u00eddeo del usuario al ver v\u00eddeos incrustrados de youtube.<\/td><td>Sesi\u00f3n<\/td><\/tr><tr><td>Yt-remote-connected-devices<\/td><td>Youtube.com<\/td><td>Registra las preferencias del reproductor de v\u00eddeo del usuario al ver v\u00eddeos inscrustrados de youtube.<\/td><td>Sesi\u00f3n<\/td><\/tr><tr><td>Yt-remote-device-id<\/td><td>Youtube.com<\/td><td>Registra las preferencias del reproductor de v\u00eddeo del usuario al ver v\u00eddeos inscrustrados de youtube.<\/td><td>Sesi\u00f3n<\/td><\/tr><tr><td>Yt-remote-fast-check-period<\/td><td>Youtube.com<\/td><td>Registra las preferencias del reproductor de v\u00eddeo del usuario al ver v\u00eddeos inscrustrados de youtube.<\/td><td>Sesi\u00f3n<\/td><\/tr><tr><td>Yt-remote-session-app<\/td><td>Youtube.com<\/td><td>Registra las preferencias del reproductor de v\u00eddeo del usuario al ver v\u00eddeos inscrustrados de youtube.<\/td><td>Sesi\u00f3n<\/td><\/tr><tr><td>Yt-remote-session-name<\/td><td>Youtube.com<\/td><td>Registra las preferencias del reproductor de v\u00eddeo del usuario al ver v\u00eddeos inscrustrados de youtube.<\/td><td>Sesi\u00f3n<\/td><\/tr><tr><td>1P_JAR<\/td><td>Google<\/td><td>Personalizaci\u00f3n de los anuncios seg\u00fan los intereses del usuario.<\/td><td>1 mes<\/td><\/tr><tr><td>CONSENT<\/td><td>Google<\/td><td>Recordar la aceptaci\u00f3n de cookies.<\/td><td>Sesi\u00f3n<\/td><\/tr><tr><td>SIDCC<\/td><td>Google<\/td><td>Extrae informaci\u00f3n an\u00f3nima sobre la navegaci\u00f3n.<\/td><td>2 a\u00f1os<\/td><\/tr><tr><td>DV<\/td><td>Google<\/td><td>Extrae informaci\u00f3n an\u00f3nima sobre la navegaci\u00f3n.<\/td><td>24 horas<\/td><\/tr><tr><td>OTZ, NID<\/td><td>Google<\/td><td>Personalizaci\u00f3n de los anuncios seg\u00fan los intereses del usuario.<\/td><td>6 meses<\/td><\/tr><\/tbody><\/table><\/figure>\n\n\n\n<h2 class=\"wp-block-heading\"><strong>C\u00f3mo habilitar\/deshabilitar las Cookies en los principales navegadores:<\/strong><\/h2>\n\n\n\n<p>Normalmente es posible dejar de aceptar las Cookies del navegador, o dejar de aceptar las Cookies de un Servicio en particular.&nbsp;<\/p>\n\n\n\n<p>Todos los navegadores modernos permiten cambiar la configuraci\u00f3n de Cookies. Estos ajustes normalmente se encuentran en las \u2018opciones\u2019 o \u2018Preferencias\u2019 del men\u00fa de su navegador. Asimismo, puede configurar su navegador o su gestor de correo electr\u00f3nico.<\/p>\n\n\n\n<p>A continuaci\u00f3n se ofrece orientaci\u00f3n al Usuario sobre los pasos para acceder al men\u00fa de configuraci\u00f3n de las cookies y, en su caso, de la navegaci\u00f3n privada en cada uno de los navegadores principales:<\/p>\n\n\n\n<p><strong>Internet Explorer:<\/strong> Herramientas -&gt; Opciones de Internet&nbsp;-&gt; Privacidad&nbsp;-&gt; Configuraci\u00f3n. Para m\u00e1s informaci\u00f3n, puede consultar el <a href=\"http:\/\/windows.microsoft.com\/es-ES\/windows\/support\">soporte de Microsoft<\/a> o la Ayuda del navegador.<\/p>\n\n\n\n<p><strong>Firefox:<\/strong> Herramientas&nbsp;-&gt; Opciones&nbsp;-&gt; Privacidad&nbsp;-&gt; Historial&nbsp;-&gt; Configuraci\u00f3n Personalizada. Para m\u00e1s informaci\u00f3n, puede consultar el <a href=\"http:\/\/support.mozilla.org\/es\/home\">soporte de Mozilla<\/a> o la Ayuda del navegador.<\/p>\n\n\n\n<p><strong>Chrome:<\/strong> Configuraci\u00f3n&nbsp;-&gt; Mostrar opciones avanzadas&nbsp;-&gt; Privacidad&nbsp;-&gt; Configuraci\u00f3n de contenido. Para m\u00e1s informaci\u00f3n, puede consultar el <a href=\"http:\/\/support.google.com\/chrome\/?hl=es\">soporte de Google<\/a> o la Ayuda del navegador.<\/p>\n\n\n\n<p><strong>Safari:<\/strong> Preferencias&nbsp;-&gt; Seguridad. Para m\u00e1s informaci\u00f3n, puede consultar el <a href=\"http:\/\/www.apple.com\/es\/support\/safari\/\">soporte de Apple<\/a> o la Ayuda del navegador.<\/p>\n\n\n\n<h3 class=\"wp-block-heading\"><strong>\u00bfQu\u00e9 ocurre si se deshabilitan las Cookies?<\/strong><\/h3>\n\n\n\n<p>Algunas funcionalidades de los servicios quedar\u00e1n deshabilitados.<\/p>","protected":false},"excerpt":{"rendered":"<p>DEFINICI\u00d3N y funci\u00f3n gen\u00e9rica de las COOKIES Las cookies son identificadores que enviamos al disco duro de su ordenador a trav\u00e9s de su navegador Web con el fin de que nuestros sistemas puedan reconocer su navegador y ofrecerle ciertos servicios. En general, estas tecnolog\u00edas pueden servir para finalidades muy diferentes, por ejemplo, reconocerte como usuario, [&hellip;]<\/p>\n","protected":false},"author":2,"featured_media":0,"parent":0,"menu_order":0,"comment_status":"closed","ping_status":"closed","template":"","meta":{"footnotes":""},"class_list":["post-570","page","type-page","status-publish","hentry"],"yoast_head":"<!-- This site is optimized with the Yoast SEO plugin v27.4 - https:\/\/yoast.com\/product\/yoast-seo-wordpress\/ -->\n<title>Pol\u00edtica de cookies - MRS BUTLER<\/title>\n<meta name=\"robots\" content=\"index, follow, max-snippet:-1, max-image-preview:large, max-video-preview:-1\" \/>\n<link rel=\"canonical\" href=\"http:\/\/mrsbutler.informedia.com.es\/es\/cookies\/\" \/>\n<meta property=\"og:locale\" content=\"es_ES\" \/>\n<meta property=\"og:type\" content=\"article\" \/>\n<meta property=\"og:title\" content=\"Pol\u00edtica de cookies - MRS BUTLER\" \/>\n<meta property=\"og:description\" content=\"DEFINICI\u00d3N y funci\u00f3n gen\u00e9rica de las COOKIES Las cookies son identificadores que enviamos al disco duro de su ordenador a trav\u00e9s de su navegador Web con el fin de que nuestros sistemas puedan reconocer su navegador y ofrecerle ciertos servicios. En general, estas tecnolog\u00edas pueden servir para finalidades muy diferentes, por ejemplo, reconocerte como usuario, [&hellip;]\" \/>\n<meta property=\"og:url\" content=\"http:\/\/mrsbutler.informedia.com.es\/es\/cookies\/\" \/>\n<meta property=\"og:site_name\" content=\"MRS BUTLER\" \/>\n<meta property=\"article:modified_time\" content=\"2022-11-10T12:15:05+00:00\" \/>\n<meta name=\"twitter:card\" content=\"summary_large_image\" \/>\n<meta name=\"twitter:label1\" content=\"Tiempo de lectura\" \/>\n\t<meta name=\"twitter:data1\" content=\"7 minutos\" \/>\n<script type=\"application\/ld+json\" class=\"yoast-schema-graph\">{\"@context\":\"https:\\\/\\\/schema.org\",\"@graph\":[{\"@type\":\"WebPage\",\"@id\":\"http:\\\/\\\/mrsbutler.informedia.com.es\\\/cookies\",\"url\":\"http:\\\/\\\/mrsbutler.informedia.com.es\\\/cookies\",\"name\":\"Pol\u00edtica de cookies - MRS BUTLER\",\"isPartOf\":{\"@id\":\"https:\\\/\\\/mrsbutler.informedia.com.es\\\/#website\"},\"datePublished\":\"2022-11-10T11:57:46+00:00\",\"dateModified\":\"2022-11-10T12:15:05+00:00\",\"breadcrumb\":{\"@id\":\"http:\\\/\\\/mrsbutler.informedia.com.es\\\/cookies#breadcrumb\"},\"inLanguage\":\"es\",\"potentialAction\":[{\"@type\":\"ReadAction\",\"target\":[\"http:\\\/\\\/mrsbutler.informedia.com.es\\\/cookies\"]}]},{\"@type\":\"BreadcrumbList\",\"@id\":\"http:\\\/\\\/mrsbutler.informedia.com.es\\\/cookies#breadcrumb\",\"itemListElement\":[{\"@type\":\"ListItem\",\"position\":1,\"name\":\"Home\",\"item\":\"https:\\\/\\\/mrsbutler.informedia.com.es\\\/\"},{\"@type\":\"ListItem\",\"position\":2,\"name\":\"Pol\u00edtica de cookies\"}]},{\"@type\":\"WebSite\",\"@id\":\"https:\\\/\\\/mrsbutler.informedia.com.es\\\/#website\",\"url\":\"https:\\\/\\\/mrsbutler.informedia.com.es\\\/\",\"name\":\"MRS BUTLER\",\"description\":\"Taking care of homes &amp; creating experiences\",\"publisher\":{\"@id\":\"https:\\\/\\\/mrsbutler.informedia.com.es\\\/#organization\"},\"potentialAction\":[{\"@type\":\"SearchAction\",\"target\":{\"@type\":\"EntryPoint\",\"urlTemplate\":\"https:\\\/\\\/mrsbutler.informedia.com.es\\\/?s={search_term_string}\"},\"query-input\":{\"@type\":\"PropertyValueSpecification\",\"valueRequired\":true,\"valueName\":\"search_term_string\"}}],\"inLanguage\":\"es\"},{\"@type\":\"Organization\",\"@id\":\"https:\\\/\\\/mrsbutler.informedia.com.es\\\/#organization\",\"name\":\"MRS BUTLER\",\"url\":\"https:\\\/\\\/mrsbutler.informedia.com.es\\\/\",\"logo\":{\"@type\":\"ImageObject\",\"inLanguage\":\"es\",\"@id\":\"https:\\\/\\\/mrsbutler.informedia.com.es\\\/#\\\/schema\\\/logo\\\/image\\\/\",\"url\":\"http:\\\/\\\/mrsbutler.informedia.com.es\\\/wp-content\\\/uploads\\\/2022\\\/02\\\/logo-mrs-butler.svg\",\"contentUrl\":\"http:\\\/\\\/mrsbutler.informedia.com.es\\\/wp-content\\\/uploads\\\/2022\\\/02\\\/logo-mrs-butler.svg\",\"width\":229,\"height\":50,\"caption\":\"MRS BUTLER\"},\"image\":{\"@id\":\"https:\\\/\\\/mrsbutler.informedia.com.es\\\/#\\\/schema\\\/logo\\\/image\\\/\"}}]}<\/script>\n<!-- \/ Yoast SEO plugin. -->","yoast_head_json":{"title":"Pol\u00edtica de cookies - MRS BUTLER","robots":{"index":"index","follow":"follow","max-snippet":"max-snippet:-1","max-image-preview":"max-image-preview:large","max-video-preview":"max-video-preview:-1"},"canonical":"http:\/\/mrsbutler.informedia.com.es\/es\/cookies\/","og_locale":"es_ES","og_type":"article","og_title":"Pol\u00edtica de cookies - MRS BUTLER","og_description":"DEFINICI\u00d3N y funci\u00f3n gen\u00e9rica de las COOKIES Las cookies son identificadores que enviamos al disco duro de su ordenador a trav\u00e9s de su navegador Web con el fin de que nuestros sistemas puedan reconocer su navegador y ofrecerle ciertos servicios. En general, estas tecnolog\u00edas pueden servir para finalidades muy diferentes, por ejemplo, reconocerte como usuario, [&hellip;]","og_url":"http:\/\/mrsbutler.informedia.com.es\/es\/cookies\/","og_site_name":"MRS BUTLER","article_modified_time":"2022-11-10T12:15:05+00:00","twitter_card":"summary_large_image","twitter_misc":{"Tiempo de lectura":"7 minutos"},"schema":{"@context":"https:\/\/schema.org","@graph":[{"@type":"WebPage","@id":"http:\/\/mrsbutler.informedia.com.es\/cookies","url":"http:\/\/mrsbutler.informedia.com.es\/cookies","name":"Pol\u00edtica de cookies - MRS BUTLER","isPartOf":{"@id":"https:\/\/mrsbutler.informedia.com.es\/#website"},"datePublished":"2022-11-10T11:57:46+00:00","dateModified":"2022-11-10T12:15:05+00:00","breadcrumb":{"@id":"http:\/\/mrsbutler.informedia.com.es\/cookies#breadcrumb"},"inLanguage":"es","potentialAction":[{"@type":"ReadAction","target":["http:\/\/mrsbutler.informedia.com.es\/cookies"]}]},{"@type":"BreadcrumbList","@id":"http:\/\/mrsbutler.informedia.com.es\/cookies#breadcrumb","itemListElement":[{"@type":"ListItem","position":1,"name":"Home","item":"https:\/\/mrsbutler.informedia.com.es\/"},{"@type":"ListItem","position":2,"name":"Pol\u00edtica de cookies"}]},{"@type":"WebSite","@id":"https:\/\/mrsbutler.informedia.com.es\/#website","url":"https:\/\/mrsbutler.informedia.com.es\/","name":"MRS BUTLER","description":"Taking care of homes &amp; creating experiences","publisher":{"@id":"https:\/\/mrsbutler.informedia.com.es\/#organization"},"potentialAction":[{"@type":"SearchAction","target":{"@type":"EntryPoint","urlTemplate":"https:\/\/mrsbutler.informedia.com.es\/?s={search_term_string}"},"query-input":{"@type":"PropertyValueSpecification","valueRequired":true,"valueName":"search_term_string"}}],"inLanguage":"es"},{"@type":"Organization","@id":"https:\/\/mrsbutler.informedia.com.es\/#organization","name":"MRS BUTLER","url":"https:\/\/mrsbutler.informedia.com.es\/","logo":{"@type":"ImageObject","inLanguage":"es","@id":"https:\/\/mrsbutler.informedia.com.es\/#\/schema\/logo\/image\/","url":"http:\/\/mrsbutler.informedia.com.es\/wp-content\/uploads\/2022\/02\/logo-mrs-butler.svg","contentUrl":"http:\/\/mrsbutler.informedia.com.es\/wp-content\/uploads\/2022\/02\/logo-mrs-butler.svg","width":229,"height":50,"caption":"MRS BUTLER"},"image":{"@id":"https:\/\/mrsbutler.informedia.com.es\/#\/schema\/logo\/image\/"}}]}},"_links":{"self":[{"href":"http:\/\/mrsbutler.informedia.com.es\/es\/wp-json\/wp\/v2\/pages\/570","targetHints":{"allow":["GET"]}}],"collection":[{"href":"http:\/\/mrsbutler.informedia.com.es\/es\/wp-json\/wp\/v2\/pages"}],"about":[{"href":"http:\/\/mrsbutler.informedia.com.es\/es\/wp-json\/wp\/v2\/types\/page"}],"author":[{"embeddable":true,"href":"http:\/\/mrsbutler.informedia.com.es\/es\/wp-json\/wp\/v2\/users\/2"}],"replies":[{"embeddable":true,"href":"http:\/\/mrsbutler.informedia.com.es\/es\/wp-json\/wp\/v2\/comments?post=570"}],"version-history":[{"count":3,"href":"http:\/\/mrsbutler.informedia.com.es\/es\/wp-json\/wp\/v2\/pages\/570\/revisions"}],"predecessor-version":[{"id":574,"href":"http:\/\/mrsbutler.informedia.com.es\/es\/wp-json\/wp\/v2\/pages\/570\/revisions\/574"}],"wp:attachment":[{"href":"http:\/\/mrsbutler.informedia.com.es\/es\/wp-json\/wp\/v2\/media?parent=570"}],"curies":[{"name":"wp","href":"https:\/\/api.w.org\/{rel}","templated":true}]}}